{"id":722,"date":"2015-04-19T10:51:54","date_gmt":"2015-04-19T10:51:54","guid":{"rendered":"https:\/\/sibirijasberni.lv\/?page_id=722"},"modified":"2015-04-19T10:52:09","modified_gmt":"2015-04-19T10:52:09","slug":"izstade-sibirijas-berni-celo-pa-latvijas-skolam","status":"publish","type":"page","link":"https:\/\/sibirijasberni.lv\/en\/izstade-sibirijas-berni-celo-pa-latvijas-skolam\/","title":{"rendered":"Izst\u0101de &#8220;Sib\u012brijas b\u0113rni&#8221; ce\u013co pa Latvijas skol\u0101m"},"content":{"rendered":"<p>Jau no 2014.gada septembra izst\u0101de &#8220;Sib\u012brijas b\u0113rni&#8221; ce\u013co pa Latvijas skol\u0101m. Izst\u0101d\u0113 apskat\u0101mas 22 plan\u0161etes latvie\u0161u valod\u0101 ar inform\u0101ciju par 1941.gada 14.j\u016bnija izs\u016bt\u012bjumu, Sib\u012brijas b\u0113rnu atmi\u0146u fragmentiem, b\u0113rn\u012bbas fotogr\u0101fij\u0101m un unik\u0101l\u0101m fotogr\u0101fij\u0101m no izs\u016bt\u012bjuma viet\u0101m Sib\u012brij\u0101. Vien\u0101 no plan\u0161et\u0113m ir redzamas H\u0113lijas Sta\u0146islavskas (dz.Teikmanes) fotogr\u0101fijas un atmi\u0146u fragmenti par 14.j\u016bnija izs\u016bt\u012b\u0161anu. Da\u017e\u0101s skol\u0101s organiz\u0113jam tik\u0161an\u0101s ar H\u0113liju, kur\u0101s vi\u0146a past\u0101sta skol\u0113niem savas \u0123imenes izs\u016bt\u012b\u0161anas st\u0101stu un atbild uz\u00a0 jaut\u0101jumiem. B\u0113rni redz, ka t\u0101 nav t\u0101la, sena v\u0113sture, kas uz vi\u0146iem neattiecas, bet ka Sib\u012brijas b\u0113rni ir vi\u0146u vecvec\u0101ku vecum\u0101 un vi\u0146u atmi\u0146as v\u0113l ir dz\u012bvas. H\u0113lija ir atgriezusies Latvij\u0101, izaudzin\u0101jusi divus d\u0113lus un atjauno sava krustt\u0113va \u012bpa\u0161umu k\u0101 apliecin\u0101jumu m\u012blest\u012bbai pret savu \u0123imeni un Latviju. Iztur\u012bba, pa\u0161cie\u0146a un patriotisms &#8211; t\u0101s ir tikai da\u017eas no v\u0113rt\u012bb\u0101m, kuras apliecina H\u0113lijas Sta\u0146islavskas dz\u012bvesst\u0101sts. Izst\u0101de &#8220;Sib\u012brijas b\u0113rni&#8221; ir bijusi apskat\u0101ma jau 14 skol\u0101s: Majoru vidusskol\u0101, R\u012bgas 45. vidusskol\u0101, R\u012bgas 61. vidusskol\u0101, R\u012bgas Ang\u013cu \u0123imn\u0101zij\u0101, R\u012bgas 28. vidusskol\u0101, R\u012bgas Hanzas vidusskol\u0101, R\u012bgas Krist\u012bgaj\u0101 vidusskol\u0101, R\u012bgas 85. vidusskol\u0101, R\u012bgas 47. vidusskol\u0101, R\u012bgas 7. pamatskol\u0101, R\u012bgas 84. vidusskol\u0101,\u00a0 R\u012bgas intern\u0101tvidusskol\u0101 b\u0113rniem ar dzirdes trauc\u0113jumiem, R\u012bgas Fri\u010da Br\u012bvzemnieka pamatskol\u0101 un R\u012bgas Juglas vidusskol\u0101. Pievienojam R\u012bgas Juglas vidusskolas skol\u0113nu atzi\u0146as p\u0113c tik\u0161an\u0101s ar H\u0113liju Sta\u0146islavsku (dz.Teikmane). \u00a0 *\u00a0 Padzi\u013cin\u0101ju savas zin\u0101\u0161anas par deport\u0101ciju. Izst\u0101de, manupr\u0101t, ir \u013coti labi un saprotami izveidota un izk\u0101rtota. *\u00a0 Es uzzin\u0101ju cilv\u0113ku dz\u012bvesst\u0101stus un izj\u016btas, sec\u012bgu notikumu gaitu un att\u012bst\u012bbu. \u0160\u012b izst\u0101de man \u013c\u0101va iel\u016bkoties un uzzin\u0101t manas vec\u0101sm\u0101tes st\u0101stu, jo vi\u0146a pati par to atsak\u0101s run\u0101t un nekad neko nav st\u0101st\u012bjusi. Lasot citu cilv\u0113ku dz\u012bvesst\u0101stus, iev\u0113roju to neparasto l\u012bdz\u012bbu, t\u0101d\u0113\u013c pateicoties tam, varu secin\u0101t, k\u0101da bijusi mans vec\u0101sm\u0101tes b\u0113rn\u012bba. *\u00a0 \u0160\u012b izst\u0101de bija \u013coti izzino\u0161a. Sev ieguvu \u013coti daudz jaunas inform\u0101cijas par to k\u0101 \u012bsten\u012bb\u0101 notika izs\u016bt\u012b\u0161ana, cik briesm\u012bgi bija dz\u012bves apst\u0101k\u013ci un cilv\u0113ku attieksme. H\u0113lijas kundzes st\u0101st\u012btais bija p\u0101rdz\u012bvojumu pilns. \u0160\u012b izst\u0101de, manupr\u0101t, bija \u013coti v\u0113rt\u012bga. *\u00a0 H\u0113lijas kundzes st\u0101st\u012bjums bija neizsak\u0101mi aizkustino\u0161s un lika padom\u0101t par \u013coti daudz\u0101m liet\u0101m, k\u0101 ar\u012b nov\u0113rt\u0113t, cik daudz mums dz\u012bv\u0113 ir dots. P\u0113d\u0113j\u0101 laik\u0101 tas bija v\u0113rt\u012bg\u0101kais, ko esmu klaus\u012bjusies. *\u00a0 Tik\u0161an\u0101s ar H\u0113lijas kundzi lika padom\u0101t, ka viss, kas ar mani notiek, sal\u012bdzin\u0101jum\u0101 ar vi\u0146as piedz\u012bvoto, ir s\u012bkumi un kam\u0113r man ir \u0123imene, pajumte, \u0113diens un ap\u0123\u0113rbs, ko vilkt, ir labi. St\u0101st\u012bjums lika nov\u0113rt\u0113t, cik patiesi svar\u012bga ir t\u0113vu zeme, k\u0101da ir \u0161\u012bs zemes v\u0113rt\u012bba. *\u00a0 Tas bija emocion\u0101li aizraujo\u0161i un \u013coti skumji. Milz\u012bgs emociju kamols. Mani p\u0101rsteidza lielais izs\u016bt\u012bto b\u0113rnu skaits, k\u0101 ar\u012b skarbie dz\u012bves apst\u0101k\u013ci. H\u0113lijas kundzes m\u012blest\u012bba pret t\u0113vu zemi man lika vair\u0101k saprast, cik d\u0101rga ir br\u012bv\u012bba. Vi\u0146as patriotisms \u013coti iedvesmoja. *\u00a0 Ieg\u016bt\u0101 inform\u0101cija ir diezgan interesanta un v\u0113rt\u012bga, bet man liekas, ka st\u0101st\u012bjum\u0101 ar\u012b lielu da\u013cu sp\u0113l\u0113ja emocijas. *\u00a0 Pirms izst\u0101des apmekl\u0113juma biju jau daudzus st\u0101stus dzird\u0113jis no man\u0101m om\u0113m un citiem radiniekiem. Tik un t\u0101 izst\u0101de bija \u013coti informat\u012bva. Dzird\u0113tais st\u0101sts bija interesants un rad\u012bja iespaidu par to, k\u0101 dz\u012bvoja cilv\u0113ki, kuri tika deport\u0113ti. *\u00a0 Bija \u013coti interesanti paklaus\u012bties kundzes st\u0101stu, daudz jauna uzzin\u0101ju. *\u00a0 St\u0101st\u012bjums bija \u013coti aizraujo\u0161s. Tas pav\u0113ra daudzas reizes pla\u0161\u0101ku skatu sal\u012bdzinot ar to, kuru biju guvis no gr\u0101mat\u0101m. Gan izst\u0101de, gan st\u0101st\u012bjums bija \u013coti emocion\u0101ls. Man pat asaras nobira vien\u0101 br\u012bd\u012b. *\u00a0 Noklausoties H\u0113lijas kundzes st\u0101st\u012bto un izstaig\u0101jot izst\u0101di, sapratu, ka, manupr\u0101t, m\u016bsdienu sabiedr\u012bba nenov\u0113rt\u0113 to, kas mums ir iedots. Manupr\u0101t, m\u016bsdien\u0101s cilv\u0113kiem vairs nav tik liela degsme pret savu dzimteni un m\u0101j\u0101m kopum\u0101. M\u016bsdien\u0101s jau viegl\u0101k vis\u0101m gr\u016bt\u012bb\u0101m atmest ar roku un braukt prom. Dzirdot vi\u0146as st\u0101st\u012bto nedaudz palika kauns par sevi. Sapratu, ka ir j\u0101padom\u0101 par to, k\u0101 skat\u012bties uz valsts n\u0101kotni. *\u00a0 Kundze mums izcil\u0101 veid\u0101 past\u0101st\u012bja par t\u0101 laika notikumiem no t\u0101da skatupunkta, kas netiek apskat\u012bts v\u0113stures gr\u0101mat\u0101s. Tas man lika s\u0101kt interes\u0113ties vair\u0101k un atrast m\u0101sas drauga vect\u0113vu gr\u0101mat\u0101 \u201e Sib\u012brijas b\u0113rni\u201d. *\u00a0 Man patika. K\u0101 v\u0113stures stunda nevis notikumi, tie bija diezgan pabriesm\u012bgi. Vi\u0146as st\u0101st\u012bjums noteikti palika atmi\u0146\u0101 lab\u0101k k\u0101 parastas v\u0113stures stundas, jo tika iesaist\u012btas emocijas. *\u00a0Man sievietes st\u0101sts no dz\u012bves lika aizdom\u0101ties par to, cik dz\u012bve var b\u016bt negod\u012bga un pilna ar probl\u0113m\u0101m, kuras ir j\u0101p\u0101rvar par sp\u012bti visam. \u013boti aizkustin\u0101ja vi\u0146as st\u0101sts. *\u00a0 Dom\u0101ju, ka gan izst\u0101de, gan st\u0101st\u012bjums bija \u013coti, \u013coti v\u0113rt\u012bgs, deva daudz liel\u0101ku, emocion\u0101l\u0101ku izpratni par t\u0101 laika notikumiem un izj\u016bt\u0101m, nek\u0101 tas, ko m\u0113s minim\u0101li dzirdam v\u0113stures stund\u0101s. St\u0101sts tie\u0161\u0101m lika p\u0101rdom\u0101t par to, kas mums ir dots un to nov\u0113rt\u0113t. *\u00a0 Bija \u013coti lietder\u012bgi paklaus\u012bties \u0161o st\u0101stu. Es uzzin\u0101ju vair\u0101k deta\u013cu par notikumiem taj\u0101 laik\u0101.. P\u0113c visa pateikt\u0101, mani p\u0101rpild\u012bja emocijas un bija gr\u016bti notur\u0113ties, lai nes\u0101ktu raud\u0101t. *\u00a0 Bija \u013coti interesanti. Uzzin\u0101ju daudz jaunu faktu. Gr\u016bti saprast, ko vara ar cilv\u0113kiem dar\u012bja. Situ\u0101cija bija \u013coti drausm\u012bga. *\u00a0 Var\u0113tu teikt, ka vi\u0146ai bija sp\u0113c\u012bga ietekme\u2026 Dzirdot dz\u012bves st\u0101stu un klausoties notikumus, par kuriem p\u0101rsvar\u0101 esmu tikai las\u012bjis gr\u0101mat\u0101, s\u0101ku vair\u0101k nov\u0113rt\u0113t vec\u0101kus cilv\u0113kus un ne tikai, jo man neb\u016btu ne jausmas k\u0101 izdz\u012bvot t\u0101dos apst\u0101k\u013cos. Kad to st\u0101sta k\u0101ds cilv\u0113ks no savas pieredzes, tas ir pavisam kas cits- to nevar izprast vienk\u0101r\u0161i izlasot fragmentu m\u0101c\u012bbu gr\u0101mat\u0101.<\/p>\n","protected":false},"excerpt":{"rendered":"<p>Jau no 2014.gada septembra izst\u0101de &#8220;Sib\u012brijas b\u0113rni&#8221; ce\u013co pa Latvijas skol\u0101m. Izst\u0101d\u0113 apskat\u0101mas 22 plan\u0161etes latvie\u0161u valod\u0101 ar inform\u0101ciju par 1941.gada 14.j\u016bnija izs\u016bt\u012bjumu, Sib\u012brijas b\u0113rnu atmi\u0146u fragmentiem, b\u0113rn\u012bbas fotogr\u0101fij\u0101m un unik\u0101l\u0101m fotogr\u0101fij\u0101m no izs\u016bt\u012bjuma viet\u0101m Sib\u012brij\u0101. Vien\u0101 no plan\u0161et\u0113m ir redzamas H\u0113lijas Sta\u0146islavskas (dz.Teikmanes) fotogr\u0101fijas un atmi\u0146u fragmenti par 14.j\u016bnija izs\u016bt\u012b\u0161anu. Da\u017e\u0101s skol\u0101s organiz\u0113jam tik\u0161an\u0101s &hellip; <a href=\"https:\/\/sibirijasberni.lv\/en\/izstade-sibirijas-berni-celo-pa-latvijas-skolam\/\" class=\"more-link\">Continue reading<span class=\"screen-reader-text\"> &#8220;Izst\u0101de &#8220;Sib\u012brijas b\u0113rni&#8221; ce\u013co pa Latvijas skol\u0101m&#8221;<\/span><\/a><\/p>\n","protected":false},"author":3,"featured_media":0,"parent":0,"menu_order":0,"comment_status":"open","ping_status":"open","template":"","meta":{"ngg_post_thumbnail":0,"jetpack_post_was_ever_published":false,"footnotes":""},"class_list":["post-722","page","type-page","status-publish","hentry"],"jetpack_shortlink":"https:\/\/wp.me\/P2UUg9-bE","jetpack_sharing_enabled":true,"jetpack_likes_enabled":true,"jetpack-related-posts":[],"_links":{"self":[{"href":"https:\/\/sibirijasberni.lv\/en\/wp-json\/wp\/v2\/pages\/722","targetHints":{"allow":["GET"]}}],"collection":[{"href":"https:\/\/sibirijasberni.lv\/en\/wp-json\/wp\/v2\/pages"}],"about":[{"href":"https:\/\/sibirijasberni.lv\/en\/wp-json\/wp\/v2\/types\/page"}],"author":[{"embeddable":true,"href":"https:\/\/sibirijasberni.lv\/en\/wp-json\/wp\/v2\/users\/3"}],"replies":[{"embeddable":true,"href":"https:\/\/sibirijasberni.lv\/en\/wp-json\/wp\/v2\/comments?post=722"}],"version-history":[{"count":2,"href":"https:\/\/sibirijasberni.lv\/en\/wp-json\/wp\/v2\/pages\/722\/revisions"}],"predecessor-version":[{"id":724,"href":"https:\/\/sibirijasberni.lv\/en\/wp-json\/wp\/v2\/pages\/722\/revisions\/724"}],"wp:attachment":[{"href":"https:\/\/sibirijasberni.lv\/en\/wp-json\/wp\/v2\/media?parent=722"}],"curies":[{"name":"wp","href":"https:\/\/api.w.org\/{rel}","templated":true}]}}