{"id":176,"date":"2012-11-20T19:39:39","date_gmt":"2012-11-20T19:39:39","guid":{"rendered":"https:\/\/sibirijasberni.lv\/?page_id=176"},"modified":"2023-07-17T00:10:32","modified_gmt":"2023-07-16T21:10:32","slug":"aktivitates","status":"publish","type":"page","link":"https:\/\/sibirijasberni.lv\/en\/aktivitates\/","title":{"rendered":"Aktivit\u0101tes"},"content":{"rendered":"<p><\/p>\n<h2>Expeditions to Siberia every year<\/h2>\n<p><a title=\"2012 expedition to Russia from June 15 to 29 June\" href=\"https:\/\/sibirijasberni.lv\/en\/ekspedicijas-uz-sibiriju\/2012-gada-brauciens-uz-krieviju-no-15-29-junijam\/\" rel=\"bookmark\">2012 expedition to Russia from June 15 to 29 June<\/a> <a title=\"Trip to Siberia 2011\" href=\"https:\/\/sibirijasberni.lv\/en\/?p=53\">Trip to Siberia 2011<\/a> <a title=\"2010 trip to Russia from July 21 to August 4\" href=\"https:\/\/sibirijasberni.lv\/en\/ekspedicijas-uz-sibiriju\/2010-gada-brauciens-uz-krieviju-no-21-julijs-4-augusts\/\" rel=\"bookmark\">2010 trip to Russia from July 21 to August 4<\/a> <a title=\"2009 trip to Russia from June 15 to June 26\" href=\"https:\/\/sibirijasberni.lv\/en\/ekspedicijas-uz-sibiriju\/2009-gada-brauciens-uz-krieviju-no-15-26-junijam\/\" rel=\"bookmark\">2009 trip to Russia from June 15 to June 26<\/a><\/p>\n<h2>Memorial events of exiled<\/h2>\n<p>The \u201cChildren of Siberia\u201d foundation organises memorial events on March 25 and June 13-14 every year.<\/p>\n<ul>\n<li><a href=\"https:\/\/sibirijasberni.lv\/?p=200\">Pas\u0101kumu pl\u0101ns 2006. gad\u0101<\/a><\/li>\n<li><a href=\"https:\/\/sibirijasberni.lv\/?p=205\">Pas\u0101kumu pl\u0101ns 2003. gad\u0101<\/a><\/li>\n<li><a href=\"https:\/\/sibirijasberni.lv\/?p=210\">Pas\u0101kumu pl\u0101ns 2002. gad\u0101<\/a><\/li>\n<li><a href=\"https:\/\/sibirijasberni.lv\/?p=227\">Pas\u0101kumu pl\u0101ns 2001. gad\u0101<\/a><\/li>\n<li><a href=\"https:\/\/sibirijasberni.lv\/?p=219\">Pas\u0101kumu pl\u0101ns 2000. gad\u0101<\/a><\/li>\n<\/ul>\n<h2>&nbsp;Movies about exiled to Siberia<\/h2>\n<p><strong>Dzintra Geka Documentaries:<\/strong><\/p>\n<ul>\n<li>Where Did the Fathers Go?, 2014<\/li>\n<li>The Childhood Land of Siberia, 2013<\/li>\n<li><a href=\"https:\/\/sibirijasberni.lv\/en\/filmas\/marsruts-kekava-omskas-apgabals-2012\/\"><strong>Route \u0136ekava-Omska district 1949, 2012<\/strong><\/a><\/li>\n<li><strong><a href=\"https:\/\/sibirijasberni.lv\/?p=41\">The Station \u2018Latvians\u2019,&nbsp;1937 , 2011<\/a><\/strong><\/li>\n<li><strong><a href=\"https:\/\/sibirijasberni.lv\/en\/?p=90\">Balance sheet of Siberia , 2011<\/a><\/strong><\/li>\n<li><strong><a href=\"https:\/\/sibirijasberni.lv\/en\/?p=164\">Remember Siberia , 2010<\/a><\/strong><\/li>\n<li><strong><a href=\"https:\/\/sibirijasberni.lv\/en\/?p=17\">Agapitova and the Rescued, 2009<\/a><\/strong><\/li>\n<li><strong><a href=\"https:\/\/sibirijasberni.lv\/en\/?p=160\">Igarka, Hope and Butterfly, 2008<\/a><\/strong><\/li>\n<li><strong><a href=\"https:\/\/sibirijasberni.lv\/en\/?p=154\">600 Stories That Have to be Told, 2007<\/a><\/strong><\/li>\n<li><strong>Remember or Forget, 2005<\/strong><\/li>\n<li><a href=\"https:\/\/sibirijasberni.lv\/en\/filmas\/sibirija-reiz-bija-2005\/\"><strong>Once There Was Siberia, 2005<\/strong><\/a><\/li>\n<li><a href=\"https:\/\/sibirijasberni.lv\/\/en\/filmas\/sveiciens-no-sibirijas-2004\/\"><strong>Greetings from Siberia, 2004<\/strong><\/a><\/li>\n<li><strong>Siberian Diaries, part 3-4, 2003<\/strong><\/li>\n<li><strong>Siberian Diaries, part 1-2, 2002<\/strong><\/li>\n<li><strong><a href=\"https:\/\/sibirijasberni.lv\/en\/filmas\/sibirijas-berni-2001\/\">The Children of Siberia, 2001<\/a><\/strong><\/li>\n<\/ul>\n<h2>Books<\/h2>\n<div><a href=\"https:\/\/sibirijasberni.lv\/en\/?p=237\">&nbsp;The children of Siberia Part I and II in Russian, 2014<\/a><\/div>\n<div><a href=\"https:\/\/sibirijasberni.lv\/en\/?p=237\">&nbsp;The children of Siberia Part I and II in English, 2011-2012<\/a>.<\/div>\n<div><a href=\"https:\/\/sibirijasberni.lv\/en\/?p=19\">&nbsp;The children of Siberia Part I and II in Latvian<\/a>, 2007 &#8211; 2008.<\/div>\n<p><\/p>","protected":false},"excerpt":{"rendered":"<p>Expeditions to Siberia every year 2012 expedition to Russia from June 15 to 29 June Trip to Siberia 2011 2010 trip to Russia from July 21 to August 4 2009 trip to Russia from June 15 to June 26 Memorial events of exiled The \u201cChildren of Siberia\u201d foundation organises memorial events on March 25 and &hellip; <a href=\"https:\/\/sibirijasberni.lv\/en\/aktivitates\/\" class=\"more-link\">Continue reading<span class=\"screen-reader-text\"> &#8220;Aktivit\u0101tes&#8221;<\/span><\/a><\/p>\n","protected":false},"author":1,"featured_media":0,"parent":0,"menu_order":0,"comment_status":"open","ping_status":"open","template":"","meta":{"ngg_post_thumbnail":0,"jetpack_post_was_ever_published":false,"footnotes":""},"class_list":["post-176","page","type-page","status-publish","hentry"],"jetpack_shortlink":"https:\/\/wp.me\/P2UUg9-2Q","jetpack_sharing_enabled":true,"jetpack_likes_enabled":true,"jetpack-related-posts":[],"_links":{"self":[{"href":"https:\/\/sibirijasberni.lv\/en\/wp-json\/wp\/v2\/pages\/176","targetHints":{"allow":["GET"]}}],"collection":[{"href":"https:\/\/sibirijasberni.lv\/en\/wp-json\/wp\/v2\/pages"}],"about":[{"href":"https:\/\/sibirijasberni.lv\/en\/wp-json\/wp\/v2\/types\/page"}],"author":[{"embeddable":true,"href":"https:\/\/sibirijasberni.lv\/en\/wp-json\/wp\/v2\/users\/1"}],"replies":[{"embeddable":true,"href":"https:\/\/sibirijasberni.lv\/en\/wp-json\/wp\/v2\/comments?post=176"}],"version-history":[{"count":32,"href":"https:\/\/sibirijasberni.lv\/en\/wp-json\/wp\/v2\/pages\/176\/revisions"}],"predecessor-version":[{"id":4142,"href":"https:\/\/sibirijasberni.lv\/en\/wp-json\/wp\/v2\/pages\/176\/revisions\/4142"}],"wp:attachment":[{"href":"https:\/\/sibirijasberni.lv\/en\/wp-json\/wp\/v2\/media?parent=176"}],"curies":[{"name":"wp","href":"https:\/\/api.w.org\/{rel}","templated":true}]}}