{"id":1314,"date":"2017-12-04T13:58:38","date_gmt":"2017-12-04T13:58:38","guid":{"rendered":"https:\/\/sibirijasberni.lv\/?page_id=1314"},"modified":"2023-07-16T23:37:57","modified_gmt":"2023-07-16T20:37:57","slug":"studio-sb","status":"publish","type":"page","link":"https:\/\/sibirijasberni.lv\/en\/studio-sb\/","title":{"rendered":"Studio SB"},"content":{"rendered":"<p><\/p>\n<h3><a href=\"https:\/\/www.youtube.com\/watch?v=T_jgLLrPjS4&amp;list=PLMCo5XFjYKFOtcAkuOQSZ9lnc49bnnEv6\">Watch movies in Youtube<\/a><\/h3>\n<h2><a href=\"https:\/\/thechildrenofsiberia.com\/product-category\/en\/\">Buy movies and books<\/a><\/h2>\n<h1>All movies of (c) Studio SB<\/h1>\n<div>\n<div><a href=\"https:\/\/sibirijasberni.lv\/en\/jaunumi\/tala-zeme-sibirija-kapec-1949-gada-25-marts\/\"><strong>2022&nbsp; &nbsp;The distant land of Siberia Why March 25, 1949?<\/strong><\/a><br \/>\n<a href=\"https:\/\/sibirijasberni.lv\/en\/jaunumi\/tala-zeme-sibirija-dzimusi-tur\/\"><strong>2021&nbsp; &nbsp; The distant land of Siberia. Born there.<\/strong><\/a><br \/>\n<a href=\"http:\/\/Sib\u012brijas b\u0113rni. M\u0113s atceramies\">2020&nbsp; &nbsp; <strong>The children of Siberia. We remember.<\/strong><\/a><br \/>\n2019&nbsp; &nbsp; &nbsp;<strong>Each day is a centennial THE SEASONS. SPRING<\/strong>&nbsp; &nbsp; &nbsp; &nbsp;<a href=\"https:\/\/youtu.be\/eAX_JBiJfrc\">https:\/\/youtu.be\/eAX_JBiJfrc<\/a><\/div>\n<div>2019&nbsp; &nbsp; &nbsp;<strong>Each day is a centennial THE SEASONS. SUMMER<\/strong>&nbsp; &nbsp; <a href=\"https:\/\/youtu.be\/L208-KSHgWY\">https:\/\/youtu.be\/L208-KSHgWY<\/a><\/div>\n<div>2019&nbsp; &nbsp; &nbsp;<strong>Each day is a centennial THE SEASONS. AUTUMN<\/strong>&nbsp; &nbsp; <a href=\"https:\/\/youtu.be\/kYQojbfmT5s\">https:\/\/youtu.be\/kYQojbfmT5s<\/a><br \/>\n2019&nbsp; &nbsp; &nbsp;<strong>Each day is a centennial THE SEASONS WINTER<\/strong>&nbsp; &nbsp; &nbsp; <a href=\"https:\/\/youtu.be\/DkXuxUJ3Ykg\">https:\/\/youtu.be\/DkXuxUJ3Ykg<\/a><\/div>\n<div>2019&nbsp; &nbsp; &nbsp;<strong>Ilm\u0101rs Blumbergs<\/strong><\/div>\n<div><a href=\"https:\/\/sibirijasberni.lv\/shop\/product\/kurts-fridrihsons-online\/\">2018&nbsp; &nbsp; &nbsp;<strong>Kurts Fridrihsons<\/strong><\/a><\/div>\n<div><a href=\"https:\/\/sibirijasberni.lv\/filmas\/tala-zeme-sibirija\/\">2017&nbsp; &nbsp; &nbsp;<strong>Television film &#8220;Far land Siberia<\/strong>&nbsp;9-10. series<\/a><\/div>\n<div><a href=\"https:\/\/sibirijasberni.lv\/shop\/product\/meklejot-tise-online\/\">2017&nbsp; &nbsp; &nbsp;<strong>Seeking Tisse<\/strong><\/a><\/div>\n<div><a href=\"https:\/\/sibirijasberni.lv\/en\/jaunumi\/tevi-tur\/\">2016<strong>&nbsp; &nbsp; &nbsp;The fathers over there<\/strong><\/a>&nbsp; &nbsp; &nbsp; &nbsp; &nbsp; &nbsp;<a href=\"https:\/\/youtu.be\/W0q6lqlYvbQ\">https:\/\/youtu.be\/W0q6lqlYvbQ<\/a><\/div>\n<div><a href=\"https:\/\/sibirijasberni.lv\/en\/filmas\/filma-dieva-putnini\/\">2015&nbsp;<strong> &nbsp; GOD&#8217;s lost sparrows<\/strong><\/a><br \/>\n<a href=\"https:\/\/sibirijasberni.lv\/en\/filmas\/kur-palika-tevi\/\">2014&nbsp; &nbsp; &nbsp;<strong>Where did the fathers go<\/strong><\/a><strong><a href=\"https:\/\/sibirijasberni.lv\/en\/filmas\/kur-palika-tevi\/\">?<\/a><\/strong><\/div>\n<div>2014&nbsp; &nbsp; &nbsp;<strong>Far land Siberia<\/strong> 1-8. series<\/div>\n<div><a href=\"https:\/\/sibirijasberni.lv\/shop\/product\/lisments-kurs-parverta-roju\/\">2013&nbsp; &nbsp; &nbsp;<strong>Lisment, who changed Roja<\/strong><\/a><\/div>\n<div>2013&nbsp; &nbsp; &nbsp;<strong>Sixties<\/strong><\/div>\n<div><a href=\"https:\/\/sibirijasberni.lv\/filmas\/skatieties-dokumentalo-filmu-bernibas-zeme-sibirija\/\">2013&nbsp; &nbsp; &nbsp;<strong>Childhood Land Siberia<\/strong><\/a><br \/>\n<a href=\"https:\/\/sibirijasberni.lv\/en\/filmas\/marsruts-kekava-omskas-apgabals-2012\/\">2012&nbsp; &nbsp; &nbsp;<strong>Route \u0136ekava-Omskas district 1949<\/strong><\/a><\/div>\n<\/div>\n<div><a href=\"https:\/\/sibirijasberni.lv\/shop\/product\/filma-konstantins\/\">2011&nbsp; &nbsp; &nbsp;<strong>Constantin<\/strong><\/a><\/div>\n<div><a href=\"https:\/\/sibirijasberni.lv\/en\/filmas\/sibirijas-bilance-2012\/\">2011&nbsp; &nbsp; &nbsp;<strong>The balancesheet of Siberia<\/strong><\/a><\/div>\n<div><a href=\"https:\/\/sibirijasberni.lv\/shop\/product\/gvido-zvaigzne-online\/\">2011&nbsp; &nbsp; &nbsp;<strong>Gvido Zvaigzne<\/strong><\/a><br \/>\n<a href=\"https:\/\/sibirijasberni.lv\/en\/filmas\/stacija-latviesi-1937\/\">2011&nbsp; &nbsp; &nbsp;<strong>The Station &#8220;Latvians&#8221; 1937<\/strong><\/a>&nbsp; &nbsp; &nbsp; &nbsp; &nbsp; &nbsp;<a href=\"https:\/\/youtu.be\/zaGj3JIE8V8\">https:\/\/youtu.be\/zaGj3JIE8V8<\/a><\/div>\n<div><a href=\"https:\/\/sibirijasberni.lv\/en\/filmas\/piemini-sibiriju\/\">2010&nbsp; &nbsp; &nbsp;<strong>Remember Siberia<\/strong><\/a><\/div>\n<div><a href=\"https:\/\/sibirijasberni.lv\/en\/filmas\/sala-sibirija\/\">2009&nbsp; &nbsp; <strong>Agapitova and Rescued<\/strong><\/a>&nbsp; &nbsp; &nbsp; &nbsp; &nbsp; &nbsp; &nbsp; &nbsp; &nbsp; <a href=\"https:\/\/youtu.be\/vXTTyRQ1Wco\">https:\/\/youtu.be\/vXTTyRQ1Wco<\/a><\/div>\n<div><a href=\"https:\/\/sibirijasberni.lv\/?p=160\">2008&nbsp; &nbsp; <strong>&#8230;and Igarka, Hope and Butterfly<\/strong><\/a><\/div>\n<div><a href=\"https:\/\/sibirijasberni.lv\/?p=154\">2007&nbsp; &nbsp; <strong>600 stories,,,we had to tell this<\/strong><\/a><\/div>\n<div><a href=\"https:\/\/sibirijasberni.lv\/shop\/en\/product\/john-doreds-island-dvd-movie\/\">2007&nbsp; &nbsp; <strong>John Dored&#8217;s Island<\/strong><\/a>&nbsp; &nbsp; &nbsp; &nbsp;<a href=\"https:\/\/youtu.be\/tmpKibEQeB8\">https:\/\/youtu.be\/tmpKibEQeB8<\/a><\/div>\n<div>2006&nbsp; &nbsp; <strong>Remember of forget<\/strong><\/div>\n<div><a href=\"https:\/\/sibirijasberni.lv\/en\/filmas\/sibirija-reiz-bija-2005\/\">2005&nbsp; &nbsp; <strong>Once there was Siberia<\/strong><\/a><\/div>\n<div><a href=\"https:\/\/sibirijasberni.lv\/shop\/product\/amats-nr-1-valsts-prezidents-dvd\/\">2004&nbsp; &nbsp; <strong>Position Nr. 1 President of the State<\/strong><\/a><\/div>\n<div><a href=\"https:\/\/sibirijasberni.lv\/filmas\/sveiciens-no-sibirijas-2004\/\">2004&nbsp; &nbsp; <strong>Greetings from Siberia<\/strong><\/a><\/div>\n<div><a href=\"https:\/\/sibirijasberni.lv\/shop\/product\/filma-signe-un\/\">2003&nbsp; &nbsp; <strong>Signe and&#8230;<\/strong><\/a><\/div>\n<div><a href=\"https:\/\/sibirijasberni.lv\/info\/sibirijas-dienasgramata-2003\/\">2003&nbsp; &nbsp; <strong>Siberia diaries 3.-4. series<\/strong><\/a><\/div>\n<div><a href=\"https:\/\/sibirijasberni.lv\/info\/sibirijas-dienasgramata-2003\/\">2002&nbsp; &nbsp; <strong>Siberia diaries 1.-2. series<\/strong><\/a><\/div>\n<div><a href=\"https:\/\/sibirijasberni.lv\/filmas\/sibirijas-berni-2001\/\">2001&nbsp; &nbsp; <strong>The children of Siberia<\/strong><\/a><\/div>\n<div><a href=\"https:\/\/sibirijasberni.lv\/shop\/product\/latvijas-okupacija\/\">2001&nbsp; &nbsp; &nbsp;<strong>The occupation of Latvia<\/strong><\/a><\/div>\n<div>\n<p>2001&nbsp; &nbsp; <strong>&nbsp;Die Okkupation Lettlands 1917-1940<\/strong>&nbsp; &nbsp; <a href=\"https:\/\/youtu.be\/t6gLtSxl9HQ\">https:\/\/youtu.be\/t6gLtSxl9HQ<\/a><\/p>\n<\/div>\n<div>&nbsp;<\/div>\n<p><\/p>","protected":false},"excerpt":{"rendered":"<p>Watch movies in Youtube Buy movies and books All movies of (c) Studio SB 2022&nbsp; &nbsp;The distant land of Siberia Why March 25, 1949? 2021&nbsp; &nbsp; The distant land of Siberia. Born there. 2020&nbsp; &nbsp; The children of Siberia. We remember. 2019&nbsp; &nbsp; &nbsp;Each day is a centennial THE SEASONS. SPRING&nbsp; &nbsp; &nbsp; &nbsp;https:\/\/youtu.be\/eAX_JBiJfrc 2019&nbsp; &hellip; <a href=\"https:\/\/sibirijasberni.lv\/en\/studio-sb\/\" class=\"more-link\">Continue reading<span class=\"screen-reader-text\"> &#8220;Studio SB&#8221;<\/span><\/a><\/p>\n","protected":false},"author":3,"featured_media":0,"parent":0,"menu_order":9,"comment_status":"closed","ping_status":"closed","template":"","meta":{"ngg_post_thumbnail":0,"jetpack_post_was_ever_published":false,"footnotes":""},"class_list":["post-1314","page","type-page","status-publish","hentry"],"jetpack_shortlink":"https:\/\/wp.me\/P2UUg9-lc","jetpack_sharing_enabled":true,"jetpack_likes_enabled":true,"jetpack-related-posts":[],"_links":{"self":[{"href":"https:\/\/sibirijasberni.lv\/en\/wp-json\/wp\/v2\/pages\/1314","targetHints":{"allow":["GET"]}}],"collection":[{"href":"https:\/\/sibirijasberni.lv\/en\/wp-json\/wp\/v2\/pages"}],"about":[{"href":"https:\/\/sibirijasberni.lv\/en\/wp-json\/wp\/v2\/types\/page"}],"author":[{"embeddable":true,"href":"https:\/\/sibirijasberni.lv\/en\/wp-json\/wp\/v2\/users\/3"}],"replies":[{"embeddable":true,"href":"https:\/\/sibirijasberni.lv\/en\/wp-json\/wp\/v2\/comments?post=1314"}],"version-history":[{"count":40,"href":"https:\/\/sibirijasberni.lv\/en\/wp-json\/wp\/v2\/pages\/1314\/revisions"}],"predecessor-version":[{"id":4138,"href":"https:\/\/sibirijasberni.lv\/en\/wp-json\/wp\/v2\/pages\/1314\/revisions\/4138"}],"wp:attachment":[{"href":"https:\/\/sibirijasberni.lv\/en\/wp-json\/wp\/v2\/media?parent=1314"}],"curies":[{"name":"wp","href":"https:\/\/api.w.org\/{rel}","templated":true}]}}