{"id":728,"date":"2015-04-19T11:01:29","date_gmt":"2015-04-19T11:01:29","guid":{"rendered":"https:\/\/sibirijasberni.lv\/?page_id=728"},"modified":"2015-04-19T11:01:29","modified_gmt":"2015-04-19T11:01:29","slug":"izstade-sibirijas-berni-celo-pa-latvijas-skolam-2","status":"publish","type":"page","link":"https:\/\/sibirijasberni.lv\/RU\/izstade-sibirijas-berni-celo-pa-latvijas-skolam-2\/","title":{"rendered":"Izst\u0101de &#171;Sib\u012brijas b\u0113rni&#187; ce\u013co pa Latvijas skol\u0101m"},"content":{"rendered":"<p>Jau no 2014.gada septembra izst\u0101de &#171;Sib\u012brijas b\u0113rni&#187; ce\u013co pa Latvijas skol\u0101m. Izst\u0101d\u0113 apskat\u0101mas 22 plan\u0161etes latvie\u0161u valod\u0101 ar inform\u0101ciju par 1941.gada 14.j\u016bnija izs\u016bt\u012bjumu, Sib\u012brijas b\u0113rnu atmi\u0146u fragmentiem, b\u0113rn\u012bbas fotogr\u0101fij\u0101m un unik\u0101l\u0101m fotogr\u0101fij\u0101m no izs\u016bt\u012bjuma viet\u0101m Sib\u012brij\u0101.<\/p>\n<p>Vien\u0101 no plan\u0161et\u0113m ir redzamas H\u0113lijas Sta\u0146islavskas (dz.Teikmanes) fotogr\u0101fijas un atmi\u0146u fragmenti par 14.j\u016bnija izs\u016bt\u012b\u0161anu.<\/p>\n<p>Da\u017e\u0101s skol\u0101s organiz\u0113jam tik\u0161an\u0101s ar H\u0113liju, kur\u0101s vi\u0146a past\u0101sta skol\u0113niem savas \u0123imenes izs\u016bt\u012b\u0161anas st\u0101stu un atbild uz\u00a0 jaut\u0101jumiem. B\u0113rni redz, ka t\u0101 nav t\u0101la, sena v\u0113sture, kas uz vi\u0146iem neattiecas, bet ka Sib\u012brijas b\u0113rni ir vi\u0146u vecvec\u0101ku vecum\u0101 un vi\u0146u atmi\u0146as v\u0113l ir dz\u012bvas.<br \/>\nH\u0113lija ir atgriezusies Latvij\u0101, izaudzin\u0101jusi divus d\u0113lus un atjauno sava krustt\u0113va \u012bpa\u0161umu k\u0101 apliecin\u0101jumu m\u012blest\u012bbai pret savu \u0123imeni un Latviju. Iztur\u012bba, pa\u0161cie\u0146a un patriotisms &#8212; t\u0101s ir tikai da\u017eas no v\u0113rt\u012bb\u0101m, kuras apliecina H\u0113lijas Sta\u0146islavskas dz\u012bvesst\u0101sts.<br \/>\nIzst\u0101de &#171;Sib\u012brijas b\u0113rni&#187; ir bijusi apskat\u0101ma jau 14 skol\u0101s: Majoru vidusskol\u0101, R\u012bgas 45. vidusskol\u0101, R\u012bgas 61. vidusskol\u0101, R\u012bgas Ang\u013cu \u0123imn\u0101zij\u0101, R\u012bgas 28. vidusskol\u0101, R\u012bgas Hanzas vidusskol\u0101, R\u012bgas Krist\u012bgaj\u0101 vidusskol\u0101, R\u012bgas 85. vidusskol\u0101, R\u012bgas 47. vidusskol\u0101, R\u012bgas 7. pamatskol\u0101, R\u012bgas 84. vidusskol\u0101,\u00a0 R\u012bgas intern\u0101tvidusskol\u0101 b\u0113rniem ar dzirdes trauc\u0113jumiem, R\u012bgas Fri\u010da Br\u012bvzemnieka pamatskol\u0101 un R\u012bgas Juglas vidusskol\u0101.<br \/>\nPievienojam Juglas vidusskolas skol\u0113nu atzi\u0146as p\u0113c tik\u0161an\u0101s ar H\u0113liju Sta\u0146islavsku (dz.Teikmane).<\/p>\n","protected":false},"excerpt":{"rendered":"<p>Jau no 2014.gada septembra izst\u0101de &#171;Sib\u012brijas b\u0113rni&#187; ce\u013co pa Latvijas skol\u0101m. Izst\u0101d\u0113 apskat\u0101mas 22 plan\u0161etes latvie\u0161u valod\u0101 ar inform\u0101ciju par 1941.gada 14.j\u016bnija izs\u016bt\u012bjumu, Sib\u012brijas b\u0113rnu atmi\u0146u fragmentiem, b\u0113rn\u012bbas fotogr\u0101fij\u0101m un unik\u0101l\u0101m fotogr\u0101fij\u0101m no izs\u016bt\u012bjuma viet\u0101m Sib\u012brij\u0101. Vien\u0101 no plan\u0161et\u0113m ir redzamas H\u0113lijas Sta\u0146islavskas (dz.Teikmanes) fotogr\u0101fijas un atmi\u0146u fragmenti par 14.j\u016bnija izs\u016bt\u012b\u0161anu. Da\u017e\u0101s skol\u0101s organiz\u0113jam tik\u0161an\u0101s &hellip; <a href=\"https:\/\/sibirijasberni.lv\/RU\/izstade-sibirijas-berni-celo-pa-latvijas-skolam-2\/\" class=\"more-link\">\u0427\u0438\u0442\u0430\u0442\u044c \u0434\u0430\u043b\u0435\u0435<span class=\"screen-reader-text\"> \u00abIzst\u0101de &#171;Sib\u012brijas b\u0113rni&#187; ce\u013co pa Latvijas skol\u0101m\u00bb<\/span><\/a><\/p>\n","protected":false},"author":3,"featured_media":0,"parent":0,"menu_order":0,"comment_status":"open","ping_status":"open","template":"","meta":{"ngg_post_thumbnail":0,"jetpack_post_was_ever_published":false,"footnotes":""},"class_list":["post-728","page","type-page","status-publish","hentry"],"jetpack_shortlink":"https:\/\/wp.me\/P2UUg9-bK","jetpack_sharing_enabled":true,"jetpack_likes_enabled":true,"jetpack-related-posts":[],"_links":{"self":[{"href":"https:\/\/sibirijasberni.lv\/RU\/wp-json\/wp\/v2\/pages\/728","targetHints":{"allow":["GET"]}}],"collection":[{"href":"https:\/\/sibirijasberni.lv\/RU\/wp-json\/wp\/v2\/pages"}],"about":[{"href":"https:\/\/sibirijasberni.lv\/RU\/wp-json\/wp\/v2\/types\/page"}],"author":[{"embeddable":true,"href":"https:\/\/sibirijasberni.lv\/RU\/wp-json\/wp\/v2\/users\/3"}],"replies":[{"embeddable":true,"href":"https:\/\/sibirijasberni.lv\/RU\/wp-json\/wp\/v2\/comments?post=728"}],"version-history":[{"count":1,"href":"https:\/\/sibirijasberni.lv\/RU\/wp-json\/wp\/v2\/pages\/728\/revisions"}],"predecessor-version":[{"id":729,"href":"https:\/\/sibirijasberni.lv\/RU\/wp-json\/wp\/v2\/pages\/728\/revisions\/729"}],"wp:attachment":[{"href":"https:\/\/sibirijasberni.lv\/RU\/wp-json\/wp\/v2\/media?parent=728"}],"curies":[{"name":"wp","href":"https:\/\/api.w.org\/{rel}","templated":true}]}}