{"id":1980,"date":"2018-11-14T19:57:01","date_gmt":"2018-11-14T19:57:01","guid":{"rendered":"https:\/\/sibirijasberni.lv\/?page_id=1980"},"modified":"2021-02-15T12:48:05","modified_gmt":"2021-02-15T12:48:05","slug":"ziedot","status":"publish","type":"page","link":"https:\/\/sibirijasberni.lv\/RU\/about-2\/ziedot\/","title":{"rendered":"Ziedot"},"content":{"rendered":"<p><\/p>\n<form action=\"https:\/\/www.paypal.com\/cgi-bin\/webscr\" method=\"post\" target=\"_top\"><strong>&nbsp;Fonda m\u0113r\u0137is ir saglab\u0101t 1941-1949. gada izs\u016bt\u012bto atmi\u0146as, sav\u0101kt, apkopot un izplat\u012bt inform\u0101ciju par komunistisk\u0101 terora upuriem.&nbsp;<\/strong><strong>Fonds &#171;Sib\u012brijas b\u0113rni&#187; katru gadu r\u012bko eksped\u012bcijas uz Sib\u012briju pa izs\u016bt\u012bjumu viet\u0101m, mekl\u0113 apbed\u012bjuma vietas un ier\u012bko piemi\u0146as pl\u0101ksnes. Interv\u0113ti vair\u0101k k\u0101 900 cilv\u0113ki, izdotas 4 gr\u0101matas, izveidotas 22 dokument\u0101l\u0101s filmas. M\u016bsu filmas iek\u013cautas skolu programm\u0101s. Fonds d\u0101vina gr\u0101matas un filmas skol\u0101m un bibliot\u0113k\u0101m, katru gadu r\u012bko konferences, koncertus un izst\u0101des. Skol\u0101s tiek r\u012bkota izst\u0101de &#171;Run\u0101jo\u0161\u0101 gr\u0101mata&#187;, izs\u016bt\u012btie piedal\u0101s stund\u0101s un st\u0101sta par piedz\u012bvoto b\u0113rn\u012bbas zem\u0113- Sib\u012brij\u0101.<\/strong><\/p>\n<p><strong><a href=\"https:\/\/sibirijasberni.lv\/aktivitates\/\">Skat\u012bt p\u0101rskatu par vis\u0101m&nbsp; Fonda &#171;Sib\u012brijas B\u0113rni&#187;&nbsp; aktivit\u0101t\u0113m&gt;&gt;<\/a><\/strong><\/p>\n<p><strong><a href=\"https:\/\/sibirijasberni.lv\/sibirijas-berni-celojosa-izstade\/\">Regul\u0101ri r\u012bkojam ce\u013cojo\u0161\u0101s izst\u0101des skol\u0101s, bibliot\u0113k\u0101s un \u0101rzem\u0113s v\u0113stniec\u012bb\u0101s.<\/a><\/strong><\/p>\n<h3 style=\"text-align: center;\"><strong>Nodibin\u0101jums \u201cFonds Sib\u012brijas b\u0113rni pie\u0146em ziedojumus.&nbsp;<\/strong><\/h3>\n<table>\n<tbody>\n<tr>\n<td>\n<h3>Ziedot izmantojot PayPal.<\/h3>\n<\/td>\n<td>\n<h3 style=\"text-align: center;\"><strong>Ziedot ar p\u0101rskait\u012bjumu.<\/strong><\/h3>\n<\/td>\n<\/tr>\n<tr>\n<td style=\"text-align: center;\"><input title=\"PayPal - The safer, easier way to pay online!\" alt=\"Donate with PayPal button\" name=\"submit\" src=\"https:\/\/www.paypalobjects.com\/en_US\/i\/btn\/btn_donateCC_LG.gif\" type=\"image\"\/><br \/>\n<img data-recalc-dims=\"1\" loading=\"lazy\" decoding=\"async\" src=\"https:\/\/i0.wp.com\/www.paypal.com\/en_LV\/i\/scr\/pixel.gif?resize=1%2C1&#038;ssl=1\" alt=\"\" width=\"1\" height=\"1\" border=\"0\"\/><\/td>\n<td>\n<p class=\"first-para\"><strong>Nodibin\u0101jums \u201cFonds Sib\u012brijas b\u0113rni\u201d<\/strong><\/p>\n<p><strong>Re\u0123. Nr. 40008057169<\/strong><br \/>\n<strong>&nbsp;a\/s SEB banka<\/strong><br \/>\n<strong>&nbsp;kods: UNLALV2X<\/strong><br \/>\n<strong>&nbsp;Konts EUR: LV47UNLA0002058469357<\/strong><br \/>\n<strong>&nbsp;Konts USD: LV68UNLA0002058469658<\/strong><\/td>\n<\/tr>\n<\/tbody>\n<\/table>\n<p>&nbsp;<\/p>\n<p style=\"text-align: center;\"><strong>Paldies visiem ziedot\u0101jiem!&nbsp;<\/strong><\/p>\n<\/form>\n<p><\/p>","protected":false},"excerpt":{"rendered":"<p>&nbsp;Fonda m\u0113r\u0137is ir saglab\u0101t 1941-1949. gada izs\u016bt\u012bto atmi\u0146as, sav\u0101kt, apkopot un izplat\u012bt inform\u0101ciju par komunistisk\u0101 terora upuriem.&nbsp;Fonds &#171;Sib\u012brijas b\u0113rni&#187; katru gadu r\u012bko eksped\u012bcijas uz Sib\u012briju pa izs\u016bt\u012bjumu viet\u0101m, mekl\u0113 apbed\u012bjuma vietas un ier\u012bko piemi\u0146as pl\u0101ksnes. Interv\u0113ti vair\u0101k k\u0101 900 cilv\u0113ki, izdotas 4 gr\u0101matas, izveidotas 22 dokument\u0101l\u0101s filmas. M\u016bsu filmas iek\u013cautas skolu programm\u0101s. Fonds d\u0101vina gr\u0101matas &hellip; <a href=\"https:\/\/sibirijasberni.lv\/RU\/about-2\/ziedot\/\" class=\"more-link\">\u0427\u0438\u0442\u0430\u0442\u044c \u0434\u0430\u043b\u0435\u0435<span class=\"screen-reader-text\"> \u00abZiedot\u00bb<\/span><\/a><\/p>\n","protected":false},"author":1,"featured_media":0,"parent":487,"menu_order":0,"comment_status":"closed","ping_status":"closed","template":"","meta":{"ngg_post_thumbnail":0,"jetpack_post_was_ever_published":false,"footnotes":""},"class_list":["post-1980","page","type-page","status-publish","hentry"],"jetpack_shortlink":"https:\/\/wp.me\/P2UUg9-vW","jetpack_sharing_enabled":true,"jetpack_likes_enabled":true,"jetpack-related-posts":[],"_links":{"self":[{"href":"https:\/\/sibirijasberni.lv\/RU\/wp-json\/wp\/v2\/pages\/1980","targetHints":{"allow":["GET"]}}],"collection":[{"href":"https:\/\/sibirijasberni.lv\/RU\/wp-json\/wp\/v2\/pages"}],"about":[{"href":"https:\/\/sibirijasberni.lv\/RU\/wp-json\/wp\/v2\/types\/page"}],"author":[{"embeddable":true,"href":"https:\/\/sibirijasberni.lv\/RU\/wp-json\/wp\/v2\/users\/1"}],"replies":[{"embeddable":true,"href":"https:\/\/sibirijasberni.lv\/RU\/wp-json\/wp\/v2\/comments?post=1980"}],"version-history":[{"count":14,"href":"https:\/\/sibirijasberni.lv\/RU\/wp-json\/wp\/v2\/pages\/1980\/revisions"}],"predecessor-version":[{"id":3272,"href":"https:\/\/sibirijasberni.lv\/RU\/wp-json\/wp\/v2\/pages\/1980\/revisions\/3272"}],"up":[{"embeddable":true,"href":"https:\/\/sibirijasberni.lv\/RU\/wp-json\/wp\/v2\/pages\/487"}],"wp:attachment":[{"href":"https:\/\/sibirijasberni.lv\/RU\/wp-json\/wp\/v2\/media?parent=1980"}],"curies":[{"name":"wp","href":"https:\/\/api.w.org\/{rel}","templated":true}]}}