{"id":1314,"date":"2017-12-04T13:58:38","date_gmt":"2017-12-04T13:58:38","guid":{"rendered":"https:\/\/sibirijasberni.lv\/?page_id=1314"},"modified":"2023-07-16T23:37:57","modified_gmt":"2023-07-16T20:37:57","slug":"studio-sb","status":"publish","type":"page","link":"https:\/\/sibirijasberni.lv\/RU\/studio-sb\/","title":{"rendered":"Studio SB"},"content":{"rendered":"<p><\/p>\n<h3><a href=\"https:\/\/www.youtube.com\/playlist?list=PLMCo5XFjYKFNod_aNHgNcEeid3ZnePkuk\">\u0424\u0438\u043b\u043c\u044b \u043d\u0430 \u044e\u0442\u0443\u0431 \u0441 \u0440\u0443\u0441\u0441\u043a\u0438\u043c\u0438 \u0441\u0443\u0431\u0442\u0438\u0442\u0440\u0430\u043c\u0438<\/a><\/h3>\n<h2><strong><a href=\"https:\/\/thechildrenofsiberia.com\/product-category\/ru\/\">\u041f\u0440\u0438\u043e\u0431\u0440\u0435\u0441\u0442\u0438 \u0444\u0438\u043b\u044c\u043c\u044b \u0438 \u043a\u043d\u0438\u0433\u0438<\/a><\/strong><\/h2>\n<div>\n<h1>\u0412\u0441\u0435 \u0444\u0438\u043b\u044c\u043c\u044b \u0441\u0442\u0443\u0434\u0438\u0438 (c) Studio SB<\/h1>\n<\/div>\n<div><a href=\"https:\/\/sibirijasberni.lv\/RU\/jaunumi\/tala-zeme-sibirija-kapec-1949-gada-25-marts\/\">2022&nbsp; &nbsp; &nbsp; &nbsp; &nbsp;\u0414\u0430\u043b\u0435\u043a\u0430\u044f \u0437\u0435\u043c\u043b\u044f \u0421\u0438\u0431\u0438\u0440\u044c. \u041f\u043e\u0447\u0435\u043c\u0443 25 \u043c\u0430\u0440\u0442\u0430 1949 \u0433\u043e\u0434\u0430?<\/a><\/div>\n<div><a href=\"https:\/\/sibirijasberni.lv\/RU\/jaunumi\/tala-zeme-sibirija-dzimusi-tur\/\">2021.&nbsp; &nbsp; &nbsp; &nbsp; \u0414\u0430\u043b\u0435\u043a\u0430\u044f \u0437\u0435\u043c\u043b\u044f \u0421\u0438\u0431\u0438\u0440\u044c. \u0420\u043e\u0434\u0438\u043b\u0441\u044f \u0442\u0430\u043c.<\/a><\/div>\n<div><a href=\"http:\/\/Sib\u012brijas b\u0113rni. M\u0113s atceramies\">2020 g.&nbsp; &nbsp; &nbsp;\u0414\u0435\u0442\u0438 \u0421\u0438\u0431\u0438\u0440\u0438. \u041c\u044b \u043f\u043e\u043c\u043d\u0438\u043c.<\/a><\/div>\n<div>2019&nbsp; &nbsp; &nbsp;<strong>\u041a\u0430\u0436\u0434\u044b\u0439 \u0434\u0435\u043d\u044c \u0441\u0442\u043e\u043b\u0435\u0442\u0438\u044f \u0412\u0420\u0415\u041c\u0415\u041d\u0410 \u0413\u041e\u0414\u0410. \u041e\u0421\u0415\u041d\u042c<\/strong>&nbsp; &nbsp; &nbsp;<a href=\"https:\/\/youtu.be\/6DdPqgs1L0M\">https:\/\/youtu.be\/6DdPqgs1L0M<\/a><\/div>\n<div>2019&nbsp; &nbsp; &nbsp;<strong>\u041a\u0430\u0436\u0434\u044b\u0439 \u0434\u0435\u043d\u044c \u0441\u0442\u043e\u043b\u0435\u0442\u0438\u044f \u0412\u0420\u0415\u041c\u0415\u041d\u0410 \u0413\u041e\u0414\u0410. \u041b\u0415\u0422\u041e&nbsp; &nbsp; &nbsp; &nbsp; <\/strong><a href=\"https:\/\/youtu.be\/xtiWwnMXVLE\">https:\/\/youtu.be\/xtiWwnMXVLE<\/a><\/div>\n<div>2019&nbsp; &nbsp; &nbsp;<strong>\u041a\u0430\u0436\u0434\u044b\u0439 \u0434\u0435\u043d\u044c \u0441\u0442\u043e\u043b\u0435\u0442\u0438\u044f \u0412\u0420\u0415\u041c\u0415\u041d\u0410 \u0413\u041e\u0414\u0410. \u0412\u0415\u0421\u041d\u0410<\/strong>&nbsp; &nbsp; &nbsp;<a href=\"https:\/\/youtu.be\/WvSOHjrbfSk\">https:\/\/youtu.be\/WvSOHjrbfSk<\/a><\/div>\n<div>2019&nbsp; &nbsp; &nbsp;<strong>K\u0430\u0436\u0434\u044b\u0439 \u0434\u0435\u043d\u044c \u0441\u0442\u043e\u043b\u0435\u0442\u0438\u044f \u0412\u0420\u0415\u041c\u0415\u041d\u0410 \u0413\u041e\u0414\u0410. \u0417\u0418\u041c\u0410<\/strong>&nbsp; &nbsp; &nbsp; &nbsp;<a href=\"https:\/\/youtu.be\/35hxRQ_Ea0U\">https:\/\/youtu.be\/35hxRQ_Ea0U<\/a><\/div>\n<div>2019 g.&nbsp; &nbsp; &nbsp;<strong>\u0418\u043b\u043c\u0430\u0440 \u0411\u043b\u0443\u043c\u0431\u0435\u0440\u0433<\/strong>.&nbsp; <a href=\"https:\/\/youtu.be\/lzPPVWYB5tk\">https:\/\/youtu.be\/lzPPVWYB5tk<\/a><\/div>\n<div><a href=\"https:\/\/sibirijasberni.lv\/shop\/product\/kurts-fridrihsons-online\/\">2018 g.&nbsp;&nbsp;&nbsp;&nbsp; <strong>\u041a\u0443\u0440\u0442 \u0424\u0440\u0438\u0434\u0440\u0438\u0445\u0441\u043e\u043d<\/strong><\/a><strong>&nbsp;<\/strong> &nbsp; &nbsp; <a href=\"https:\/\/youtu.be\/Xnvm_5vuYe4\">https:\/\/youtu.be\/Xnvm_5vuYe4<\/a><\/div>\n<div><a href=\"https:\/\/sibirijasberni.lv\/filmas\/tala-zeme-sibirija\/\">2017 g.&nbsp;&nbsp;&nbsp;&nbsp; Telev\u012bzijas filma &#171;T\u0101l\u0101 zeme Sib\u012brija&#187; 9-10. s\u0113rija&nbsp;&nbsp;&nbsp;<\/a><br \/>\n&nbsp;<a href=\"https:\/\/sibirijasberni.lv\/shop\/product\/%d0%b2-%d0%bf%d0%be%d0%b8%d1%81%d0%ba%d0%b0%d1%85-%d1%82%d0%b8%d1%81%d1%81%d1%8d\/\">2017&nbsp; &nbsp; &nbsp; &nbsp; &nbsp;<strong>\u0412 \u043f\u043e\u0438\u0441\u043a\u0430\u0445 \u0422\u0438\u0441\u0441\u044d <\/strong><\/a><strong>&nbsp;<\/strong>&nbsp;&nbsp; &nbsp; &nbsp; &nbsp; <a href=\"https:\/\/youtu.be\/q6HsmwfitmU\">https:\/\/youtu.be\/q6HsmwfitmU<\/a><\/div>\n<div><a href=\"https:\/\/sibirijasberni.lv\/RU\/jaunumi\/tevi-tur\/\">2016&nbsp; \u0433.&nbsp; &nbsp;<strong> \u041e\u0442\u0446\u044b \u0442\u0430\u043c&nbsp; &nbsp;<\/strong><\/a><strong>&nbsp; &nbsp;<\/strong> &nbsp; &nbsp; &nbsp; &nbsp; &nbsp; &nbsp; &nbsp; &nbsp; &nbsp;<a href=\"https:\/\/youtu.be\/wPrBIAsYE5Y\">https:\/\/youtu.be\/wPrBIAsYE5Y<\/a><\/div>\n<div><a href=\"https:\/\/sibirijasberni.lv\/shop\/product\/dieva-putnini-dvd-filma\/\">2015 g.&nbsp;&nbsp;&nbsp;&nbsp; Dokument\u0101l\u0101 filma &#171;Dieva putni\u0146i&#187;<\/a><\/div>\n<div><a href=\"https:\/\/sibirijasberni.lv\/filmas\/kur-palika-tevi\/\">2014 g. &nbsp; &nbsp; Dokument\u0101l\u0101 filma &#171;Kur palika t\u0113vi?&#187;<\/a><\/div>\n<div>2014.g.&nbsp;&nbsp;&nbsp;&nbsp; Telev\u012bzijas filma &#171;T\u0101l\u0101 zeme Sib\u012brija&#187; 1-8. s\u0113rijas<\/div>\n<div><a href=\"https:\/\/sibirijasberni.lv\/shop\/product\/lisments-kurs-parverta-roju\/\">2013 g.&nbsp;&nbsp;&nbsp;&nbsp; Lisments, kur\u0161 p\u0101rv\u0113rta Roju<\/a><\/div>\n<div>2013 g.&nbsp;&nbsp;&nbsp;&nbsp; Se\u0161desmitie<\/div>\n<div><a href=\"https:\/\/sibirijasberni.lv\/filmas\/skatieties-dokumentalo-filmu-bernibas-zeme-sibirija\/\">2013 g. &nbsp; &nbsp; Dokument\u0101l\u0101 filma &#171;B\u0113rn\u012bbas zeme Sib\u012brija&#187;<\/a><br \/>\n<a href=\"https:\/\/sibirijasberni.lv\/filmas\/marsruts-kekava-omskas-apgabals-2012\/\">2012 g.&nbsp;&nbsp;&nbsp;&nbsp; Dokument\u0101la filma \u201eMar\u0161ruts \u0136ekava-Omskas apgabals 1949\u201d<\/a><\/div>\n<div><a href=\"https:\/\/sibirijasberni.lv\/shop\/product\/filma-konstantins\/\">2011 g.&nbsp; &nbsp; &nbsp;Dokument\u0101la filma &#171;Konstant\u012bns&#187;<\/a><\/div>\n<div><a href=\"https:\/\/sibirijasberni.lv\/?p=90\">2011.g.&nbsp;&nbsp;&nbsp;&nbsp; Dokument\u0101la filma \u201eSib\u012brijas bilance\u201d<\/a><\/div>\n<div><a href=\"https:\/\/sibirijasberni.lv\/shop\/product\/gvido-zvaigzne-online\/\">2011 g. &nbsp; &nbsp; Gvido Zvaigzne<\/a><br \/>\n<a href=\"https:\/\/sibirijasberni.lv\/RU\/filmas\/stacija-latviesi-1937\/\">2011 \u0433.&nbsp; &nbsp; &nbsp;\u0421\u0442\u0430\u043d\u0446\u0438\u044f &#171;\u041b\u0430\u0442\u044b\u0448\u0438&#187; 1937&nbsp; <\/a>&nbsp;&nbsp;&nbsp;&nbsp;&nbsp;&nbsp;&nbsp;<a href=\"https:\/\/youtu.be\/ZJMC4njuHzc\">https:\/\/youtu.be\/ZJMC4njuHzc<\/a><\/div>\n<div><a href=\"https:\/\/sibirijasberni.lv\/RU\/filmas\/piemini-sibiriju\/\">2010 g.&nbsp; &nbsp; &nbsp;<strong>\u041f\u043e\u043c\u043d\u0438 \u0421\u0438\u0431\u0438\u0440\u044c!<\/strong><\/a><\/div>\n<div><a href=\"https:\/\/sibirijasberni.lv\/RU\/filmas\/sala-sibirija\/\">2009 \u0433.&nbsp;&nbsp;&nbsp;&nbsp; \u0410\u0433\u0430\u043f\u0438\u0442\u043e\u0432\u0430 \u0438 \u0441\u043f\u0430\u0441\u0435\u043d\u043d\u044b\u0435<\/a>&nbsp; &nbsp; &nbsp; &nbsp; &nbsp;<a href=\"https:\/\/youtu.be\/IermlzOoNKs\">https:\/\/youtu.be\/IermlzOoNKs<\/a><\/div>\n<div><a href=\"https:\/\/sibirijasberni.lv\/?p=160\">2008 g.&nbsp;&nbsp;&nbsp;&nbsp; Dokument\u0101la filma \u201e..un Igarka, Cer\u012bba un Taurenis\u201d<\/a><\/div>\n<div><a href=\"https:\/\/sibirijasberni.lv\/?p=154\">2007 g.&nbsp;&nbsp;&nbsp;&nbsp; Dokument\u0101la filma \u201e600 st\u0101sti&#8230; mums bija tas j\u0101izst\u0101sta\u201d<\/a><\/div>\n<div>2<a href=\"https:\/\/sibirijasberni.lv\/shop\/product\/filma-dzona-doreda-sala\/\">007 g.&nbsp;&nbsp;&nbsp;&nbsp; D\u017eona Doreda sala<\/a>&nbsp; &nbsp; &nbsp; latvian voice,&nbsp; english subtitles&gt;&gt;&gt; <a href=\"https:\/\/youtu.be\/tmpKibEQeB8\">https:\/\/youtu.be\/tmpKibEQeB8<\/a><\/div>\n<div>2006 g.&nbsp;&nbsp;&nbsp;&nbsp; Dokument\u0101la filma \u201eAtcer\u0113ties vai aizmirst\u201d<\/div>\n<div><a href=\"https:\/\/sibirijasberni.lv\/filmas\/sibirija-reiz-bija-2005\/\">2005 g.&nbsp;&nbsp;&nbsp;&nbsp; Dokument\u0101la filma \u201eReiz bija Sib\u012brija\u201d<\/a><\/div>\n<div><a href=\"https:\/\/sibirijasberni.lv\/shop\/product\/amats-nr-1-valsts-prezidents-dvd\/\">2004 g.&nbsp;&nbsp;&nbsp;&nbsp; Amats Nr. 1 Valsts Prezidents<\/a><\/div>\n<div><a href=\"https:\/\/sibirijasberni.lv\/filmas\/sveiciens-no-sibirijas-2004\/\">2004 g.&nbsp;&nbsp;&nbsp;&nbsp; Dokument\u0101la filma&nbsp; \u201eSveiciens no Sib\u012brijas\u201d<\/a><\/div>\n<div><a href=\"https:\/\/sibirijasberni.lv\/shop\/product\/filma-signe-un\/\">2003 g.&nbsp;&nbsp;&nbsp;&nbsp; Signe un&#8230;<\/a><\/div>\n<div><a href=\"https:\/\/sibirijasberni.lv\/info\/sibirijas-dienasgramata-2003\/\">2003 g.&nbsp;&nbsp;&nbsp;&nbsp; Dokument\u0101la filma \u201eSib\u012brijas dienasgr\u0101matas\u201d 3.-4.s\u0113rija<\/a><\/div>\n<div><a href=\"https:\/\/sibirijasberni.lv\/info\/sibirijas-dienasgramata-2003\/\">2002 g.&nbsp;&nbsp;&nbsp;&nbsp; Dokument\u0101la filma \u201eSib\u012brijas dienasgr\u0101matas\u201d 1.-2.s\u0113rija<\/a><\/div>\n<div><a href=\"https:\/\/sibirijasberni.lv\/filmas\/sibirijas-berni-2001\/\">2001 g.&nbsp;&nbsp;&nbsp;&nbsp; Dokument\u0101la filma \u201eSib\u012brijas b\u0113rni\u201d<\/a><\/div>\n<div><a href=\"https:\/\/sibirijasberni.lv\/shop\/product\/latvijas-okupacija\/\">2001 g.&nbsp;&nbsp;&nbsp;&nbsp; Latvijas okup\u0101cija<\/a><\/div>\n<div>&nbsp;<\/div>\n<p><\/p>","protected":false},"excerpt":{"rendered":"<p>\u0424\u0438\u043b\u043c\u044b \u043d\u0430 \u044e\u0442\u0443\u0431 \u0441 \u0440\u0443\u0441\u0441\u043a\u0438\u043c\u0438 \u0441\u0443\u0431\u0442\u0438\u0442\u0440\u0430\u043c\u0438 \u041f\u0440\u0438\u043e\u0431\u0440\u0435\u0441\u0442\u0438 \u0444\u0438\u043b\u044c\u043c\u044b \u0438 \u043a\u043d\u0438\u0433\u0438 \u0412\u0441\u0435 \u0444\u0438\u043b\u044c\u043c\u044b \u0441\u0442\u0443\u0434\u0438\u0438 (c) Studio SB 2022&nbsp; &nbsp; &nbsp; &nbsp; &nbsp;\u0414\u0430\u043b\u0435\u043a\u0430\u044f \u0437\u0435\u043c\u043b\u044f \u0421\u0438\u0431\u0438\u0440\u044c. \u041f\u043e\u0447\u0435\u043c\u0443 25 \u043c\u0430\u0440\u0442\u0430 1949 \u0433\u043e\u0434\u0430? 2021.&nbsp; &nbsp; &nbsp; &nbsp; \u0414\u0430\u043b\u0435\u043a\u0430\u044f \u0437\u0435\u043c\u043b\u044f \u0421\u0438\u0431\u0438\u0440\u044c. \u0420\u043e\u0434\u0438\u043b\u0441\u044f \u0442\u0430\u043c. 2020 g.&nbsp; &nbsp; &nbsp;\u0414\u0435\u0442\u0438 \u0421\u0438\u0431\u0438\u0440\u0438. \u041c\u044b \u043f\u043e\u043c\u043d\u0438\u043c. 2019&nbsp; &nbsp; &nbsp;\u041a\u0430\u0436\u0434\u044b\u0439 \u0434\u0435\u043d\u044c \u0441\u0442\u043e\u043b\u0435\u0442\u0438\u044f \u0412\u0420\u0415\u041c\u0415\u041d\u0410 \u0413\u041e\u0414\u0410. \u041e\u0421\u0415\u041d\u042c&nbsp; &nbsp; &nbsp;https:\/\/youtu.be\/6DdPqgs1L0M 2019&nbsp; &hellip; <a href=\"https:\/\/sibirijasberni.lv\/RU\/studio-sb\/\" class=\"more-link\">\u0427\u0438\u0442\u0430\u0442\u044c \u0434\u0430\u043b\u0435\u0435<span class=\"screen-reader-text\"> \u00abStudio SB\u00bb<\/span><\/a><\/p>\n","protected":false},"author":3,"featured_media":0,"parent":0,"menu_order":9,"comment_status":"closed","ping_status":"closed","template":"","meta":{"ngg_post_thumbnail":0,"jetpack_post_was_ever_published":false,"footnotes":""},"class_list":["post-1314","page","type-page","status-publish","hentry"],"jetpack_shortlink":"https:\/\/wp.me\/P2UUg9-lc","jetpack_sharing_enabled":true,"jetpack_likes_enabled":true,"jetpack-related-posts":[],"_links":{"self":[{"href":"https:\/\/sibirijasberni.lv\/RU\/wp-json\/wp\/v2\/pages\/1314","targetHints":{"allow":["GET"]}}],"collection":[{"href":"https:\/\/sibirijasberni.lv\/RU\/wp-json\/wp\/v2\/pages"}],"about":[{"href":"https:\/\/sibirijasberni.lv\/RU\/wp-json\/wp\/v2\/types\/page"}],"author":[{"embeddable":true,"href":"https:\/\/sibirijasberni.lv\/RU\/wp-json\/wp\/v2\/users\/3"}],"replies":[{"embeddable":true,"href":"https:\/\/sibirijasberni.lv\/RU\/wp-json\/wp\/v2\/comments?post=1314"}],"version-history":[{"count":40,"href":"https:\/\/sibirijasberni.lv\/RU\/wp-json\/wp\/v2\/pages\/1314\/revisions"}],"predecessor-version":[{"id":4138,"href":"https:\/\/sibirijasberni.lv\/RU\/wp-json\/wp\/v2\/pages\/1314\/revisions\/4138"}],"wp:attachment":[{"href":"https:\/\/sibirijasberni.lv\/RU\/wp-json\/wp\/v2\/media?parent=1314"}],"curies":[{"name":"wp","href":"https:\/\/api.w.org\/{rel}","templated":true}]}}