{"id":1072,"date":"2015-12-07T20:33:01","date_gmt":"2015-12-07T20:33:01","guid":{"rendered":"https:\/\/sibirijasberni.lv\/?page_id=1072"},"modified":"2018-12-05T20:53:11","modified_gmt":"2018-12-05T20:53:11","slug":"viewed_cookie_policy","status":"publish","type":"page","link":"https:\/\/sibirijasberni.lv\/RU\/about-2\/viewed_cookie_policy\/","title":{"rendered":"S\u012bkdatnes un priv\u0101tuma politika"},"content":{"rendered":"<p>S\u012bkdatne ir neliels teksta fails, ko m\u0101jas lapa nos\u016bta J\u016bsu datoram. S\u012bkdatnes uzlabo m\u0101jas lapas piem\u0113rot\u012bbu Jums, atceroties J\u016bsu valodu un citus iestat\u012bjumus. M\u0101jaslapas \u012bpa\u0161nieks nev\u0101c&nbsp;un neapkopo nek\u0101dus datus par apmekl\u0113t\u0101jiem. (c) Sibirijas b\u0113rni<\/p>\n<h2>\u0160aj\u0101 m\u0101jaslap\u0101 tiek izmantotas sekojo\u0161as s\u012bkdatnes.<\/h2>\n<table class=\"cookielawinfo-classic\">\n<thead>\n<tr>\n<th class=\"cookielawinfo-column-1\">COOKIE<\/th>\n<th class=\"cookielawinfo-column-2\">TYPE<\/th>\n<th class=\"cookielawinfo-column-3\">DURATION<\/th>\n<th class=\"cookielawinfo-column-4\">DESCRIPTION<\/th>\n<\/tr>\n<\/thead>\n<tbody>\n<tr class=\"cookielawinfo-row\">\n<td class=\"cookielawinfo-column-1\">__utma<\/td>\n<td class=\"cookielawinfo-column-2\">&nbsp;<\/td>\n<td class=\"cookielawinfo-column-3\">2 gadi<\/td>\n<td class=\"cookielawinfo-column-4\">wordpress s\u012bkdatne<\/td>\n<\/tr>\n<tr class=\"cookielawinfo-row\">\n<td class=\"cookielawinfo-column-1\">__utmc<\/td>\n<td class=\"cookielawinfo-column-2\">&nbsp;<\/td>\n<td class=\"cookielawinfo-column-3\">sesija<\/td>\n<td class=\"cookielawinfo-column-4\">wordpress s\u012bkdatne<\/td>\n<\/tr>\n<tr class=\"cookielawinfo-row\">\n<td class=\"cookielawinfo-column-1\">__utmz<\/td>\n<td class=\"cookielawinfo-column-2\">&nbsp;<\/td>\n<td class=\"cookielawinfo-column-3\">6 m\u0113ne\u0161i<\/td>\n<td class=\"cookielawinfo-column-4\">wordpress s\u012bkdatne<\/td>\n<\/tr>\n<tr class=\"cookielawinfo-row\">\n<td class=\"cookielawinfo-column-1\">_drt_<\/td>\n<td class=\"cookielawinfo-column-2\">&nbsp;<\/td>\n<td class=\"cookielawinfo-column-3\">24 stundas<\/td>\n<td class=\"cookielawinfo-column-4\">doubleclick.net s\u012bkdatne google rekl\u0101mu&nbsp;klik\u0161\u0137u atseko\u0161anai<\/td>\n<\/tr>\n<tr class=\"cookielawinfo-row\">\n<td class=\"cookielawinfo-column-1\">AID<\/td>\n<td class=\"cookielawinfo-column-2\">&nbsp;<\/td>\n<td class=\"cookielawinfo-column-3\">30 m\u0113ne\u0161i<\/td>\n<td class=\"cookielawinfo-column-4\">google.com s\u012bkdatne<\/td>\n<\/tr>\n<tr class=\"cookielawinfo-row\">\n<td class=\"cookielawinfo-column-1\">APISID<\/td>\n<td class=\"cookielawinfo-column-2\">&nbsp;<\/td>\n<td class=\"cookielawinfo-column-3\">2 gadi<\/td>\n<td class=\"cookielawinfo-column-4\">google.com s\u012bkdatne<\/td>\n<\/tr>\n<tr class=\"cookielawinfo-row\">\n<td class=\"cookielawinfo-column-1\">CONSENT<\/td>\n<td class=\"cookielawinfo-column-2\">&nbsp;<\/td>\n<td class=\"cookielawinfo-column-3\">24 gadi<\/td>\n<td class=\"cookielawinfo-column-4\">Google profila valoda.&nbsp;google.com s\u012bkdatne saist\u012bta ar youtube video atska\u0146o\u0161anu<\/td>\n<\/tr>\n<tr class=\"cookielawinfo-row\">\n<td class=\"cookielawinfo-column-1\">GAPS<\/td>\n<td class=\"cookielawinfo-column-2\">&nbsp;<\/td>\n<td class=\"cookielawinfo-column-3\">2 gadi<\/td>\n<td class=\"cookielawinfo-column-4\">google.com s\u012bkdatne<\/td>\n<\/tr>\n<tr class=\"cookielawinfo-row\">\n<td class=\"cookielawinfo-column-1\">guest_id<\/td>\n<td class=\"cookielawinfo-column-2\">&nbsp;<\/td>\n<td class=\"cookielawinfo-column-3\">2 ned\u0113\u013cas<\/td>\n<td class=\"cookielawinfo-column-4\">Nosaka J\u016bsu twitter identitit\u0101ti, \u013cauj ieteikt draugiem rakstus twitter\u012b<\/td>\n<\/tr>\n<tr class=\"cookielawinfo-row\">\n<td class=\"cookielawinfo-column-1\">HSID<\/td>\n<td class=\"cookielawinfo-column-2\">&nbsp;<\/td>\n<td class=\"cookielawinfo-column-3\">2 gadi<\/td>\n<td class=\"cookielawinfo-column-4\">google.com s\u012bkdatne. Autoriz\u0101cijas kontrolsumma<\/td>\n<\/tr>\n<tr class=\"cookielawinfo-row\">\n<td class=\"cookielawinfo-column-1\">lang<\/td>\n<td class=\"cookielawinfo-column-2\">&nbsp;<\/td>\n<td class=\"cookielawinfo-column-3\">sesija<\/td>\n<td class=\"cookielawinfo-column-4\">twitter s\u012bkdatne nosaka k\u0101d\u0101 valod\u0101 ir raksti public\u0113\u0161anai<\/td>\n<\/tr>\n<tr class=\"cookielawinfo-row\">\n<td class=\"cookielawinfo-column-1\">NID<\/td>\n<td class=\"cookielawinfo-column-2\">&nbsp;<\/td>\n<td class=\"cookielawinfo-column-3\">6 m\u0113ne\u0161i<\/td>\n<td class=\"cookielawinfo-column-4\">google.com s\u012bkdatne<\/td>\n<\/tr>\n<tr class=\"cookielawinfo-row\">\n<td class=\"cookielawinfo-column-1\">OGPC<\/td>\n<td class=\"cookielawinfo-column-2\">&nbsp;<\/td>\n<td class=\"cookielawinfo-column-3\">expired<\/td>\n<td class=\"cookielawinfo-column-4\">S\u012bkdatne saist\u012bta ar youtube video att\u0113lo\u0161anu.<\/td>\n<\/tr>\n<tr class=\"cookielawinfo-row\">\n<td class=\"cookielawinfo-column-1\">PREF<\/td>\n<td class=\"cookielawinfo-column-2\">&nbsp;<\/td>\n<td class=\"cookielawinfo-column-3\">30 dienas<\/td>\n<td class=\"cookielawinfo-column-4\">google.com s\u012bkdatne<\/td>\n<\/tr>\n<tr class=\"cookielawinfo-row\">\n<td class=\"cookielawinfo-column-1\">qtrans_cookie_test<\/td>\n<td class=\"cookielawinfo-column-2\">&nbsp;<\/td>\n<td class=\"cookielawinfo-column-3\">Sesija<\/td>\n<td class=\"cookielawinfo-column-4\">Detekt\u0113 izv\u0113l\u0113to valodu. WordPress Spraudnis qtranslate nodro\u0161ina lapas atspogu\u013co\u0161anu J\u016bsu izv\u0113l\u0113taj\u0101 valod\u0101.<\/td>\n<\/tr>\n<tr class=\"cookielawinfo-row\">\n<td class=\"cookielawinfo-column-1\">SID<\/td>\n<td class=\"cookielawinfo-column-2\">&nbsp;<\/td>\n<td class=\"cookielawinfo-column-3\">2 gadi<\/td>\n<td class=\"cookielawinfo-column-4\">google s\u012bkdatne<\/td>\n<\/tr>\n<tr class=\"cookielawinfo-row\">\n<td class=\"cookielawinfo-column-1\">SSID<\/td>\n<td class=\"cookielawinfo-column-2\">&nbsp;<\/td>\n<td class=\"cookielawinfo-column-3\">2 gadi<\/td>\n<td class=\"cookielawinfo-column-4\">google s\u012bkdatne&nbsp;lietot\u0101ja identifik\u0101cijai<\/td>\n<\/tr>\n<tr class=\"cookielawinfo-row\">\n<td class=\"cookielawinfo-column-1\">viewed_cookie_policy<\/td>\n<td class=\"cookielawinfo-column-2\">&nbsp;<\/td>\n<td class=\"cookielawinfo-column-3\">1 gads<\/td>\n<td class=\"cookielawinfo-column-4\">Nosaka, vai apmekl\u0113t\u0101js ir apl\u016bkojis s\u012bkdat\u0146u politiku<\/td>\n<\/tr>\n<tr class=\"cookielawinfo-row\">\n<td class=\"cookielawinfo-column-1\">wordpress_logged_in<\/td>\n<td class=\"cookielawinfo-column-2\">&nbsp;<\/td>\n<td class=\"cookielawinfo-column-3\">sessija<\/td>\n<td class=\"cookielawinfo-column-4\">Autoriz\u0101cijas dati<\/td>\n<\/tr>\n<tr class=\"cookielawinfo-row\">\n<td class=\"cookielawinfo-column-1\">wp-settings-time-1<\/td>\n<td class=\"cookielawinfo-column-2\">&nbsp;<\/td>\n<td class=\"cookielawinfo-column-3\">1 gads<\/td>\n<td class=\"cookielawinfo-column-4\">Nosaka laika zonu<\/td>\n<\/tr>\n<\/tbody>\n<\/table>\n<ul>\n<li><strong>WordPress.com<\/strong> m\u0101jas lapas funkcionalit\u0101tei. Skat\u012bt wordpress politiku attiec\u012bb\u0101 uz s\u012bkdatn\u0113m.&nbsp;<a href=\"https:\/\/codex.wordpress.org\/WordPress_Cookies\">https:\/\/codex.wordpress.org\/WordPress_Cookies<\/a><\/li>\n<li><strong>Google Analytics<\/strong>&nbsp;izmanto s\u012bkdatnes lai r\u0101d\u012btu Jums atbilsto\u0161as rekl\u0101mas. Skat\u012bt Google politiku attiec\u012bb\u0101 uz s\u012bkdatn\u0113m. &nbsp;<a href=\"https:\/\/www.google.com\/policies\/technologies\/cookies\/\">https:\/\/www.google.com\/policies\/technologies\/cookies\/<\/a><\/li>\n<li><strong>Youtube.com<\/strong> izmanto s\u012bkdatnes. &nbsp;Skat\u012bt youtube priv\u0101tuma politiku.&nbsp;<a href=\"https:\/\/www.youtube.com\/static?template=privacy_guidelines\">https:\/\/www.youtube.com\/static?template=privacy_guidelines<\/a><\/li>\n<\/ul>\n<p>&nbsp;<\/p>\n","protected":false},"excerpt":{"rendered":"<p>S\u012bkdatne ir neliels teksta fails, ko m\u0101jas lapa nos\u016bta J\u016bsu datoram. S\u012bkdatnes uzlabo m\u0101jas lapas piem\u0113rot\u012bbu Jums, atceroties J\u016bsu valodu un citus iestat\u012bjumus. M\u0101jaslapas \u012bpa\u0161nieks nev\u0101c&nbsp;un neapkopo nek\u0101dus datus par apmekl\u0113t\u0101jiem. (c) Sibirijas b\u0113rni \u0160aj\u0101 m\u0101jaslap\u0101 tiek izmantotas sekojo\u0161as s\u012bkdatnes. COOKIE TYPE DURATION DESCRIPTION __utma &nbsp; 2 gadi wordpress s\u012bkdatne __utmc &nbsp; sesija wordpress s\u012bkdatne &hellip; <a href=\"https:\/\/sibirijasberni.lv\/RU\/about-2\/viewed_cookie_policy\/\" class=\"more-link\">\u0427\u0438\u0442\u0430\u0442\u044c \u0434\u0430\u043b\u0435\u0435<span class=\"screen-reader-text\"> \u00abS\u012bkdatnes un priv\u0101tuma politika\u00bb<\/span><\/a><\/p>\n","protected":false},"author":1,"featured_media":0,"parent":487,"menu_order":0,"comment_status":"closed","ping_status":"closed","template":"","meta":{"ngg_post_thumbnail":0,"jetpack_post_was_ever_published":false,"footnotes":""},"class_list":["post-1072","page","type-page","status-publish","hentry"],"jetpack_shortlink":"https:\/\/wp.me\/P2UUg9-hi","jetpack_sharing_enabled":true,"jetpack_likes_enabled":true,"jetpack-related-posts":[],"_links":{"self":[{"href":"https:\/\/sibirijasberni.lv\/RU\/wp-json\/wp\/v2\/pages\/1072","targetHints":{"allow":["GET"]}}],"collection":[{"href":"https:\/\/sibirijasberni.lv\/RU\/wp-json\/wp\/v2\/pages"}],"about":[{"href":"https:\/\/sibirijasberni.lv\/RU\/wp-json\/wp\/v2\/types\/page"}],"author":[{"embeddable":true,"href":"https:\/\/sibirijasberni.lv\/RU\/wp-json\/wp\/v2\/users\/1"}],"replies":[{"embeddable":true,"href":"https:\/\/sibirijasberni.lv\/RU\/wp-json\/wp\/v2\/comments?post=1072"}],"version-history":[{"count":11,"href":"https:\/\/sibirijasberni.lv\/RU\/wp-json\/wp\/v2\/pages\/1072\/revisions"}],"predecessor-version":[{"id":2071,"href":"https:\/\/sibirijasberni.lv\/RU\/wp-json\/wp\/v2\/pages\/1072\/revisions\/2071"}],"up":[{"embeddable":true,"href":"https:\/\/sibirijasberni.lv\/RU\/wp-json\/wp\/v2\/pages\/487"}],"wp:attachment":[{"href":"https:\/\/sibirijasberni.lv\/RU\/wp-json\/wp\/v2\/media?parent=1072"}],"curies":[{"name":"wp","href":"https:\/\/api.w.org\/{rel}","templated":true}]}}